{"id":591,"date":"2023-05-07T18:21:25","date_gmt":"2023-05-07T16:21:25","guid":{"rendered":"https:\/\/concours-danseclassique-arabesque.com\/?page_id=591"},"modified":"2023-09-26T20:59:44","modified_gmt":"2023-09-26T18:59:44","slug":"resultats-du-concours-2023","status":"publish","type":"page","link":"https:\/\/concours-danseclassique-arabesque.com\/index.php\/resultats-du-concours-2023\/","title":{"rendered":"R\u00e9sultats du concours 2023"},"content":{"rendered":"\n<figure class=\"wp-block-image size-large\"><img loading=\"lazy\" decoding=\"async\" width=\"1024\" height=\"683\" src=\"http:\/\/concours-danseclassique-arabesque.com\/wp-content\/uploads\/2023\/07\/Beaugency2023-ClemenceBrach_AP_6247-1024x683.jpg\" alt=\"\" class=\"wp-image-625\" srcset=\"https:\/\/concours-danseclassique-arabesque.com\/wp-content\/uploads\/2023\/07\/Beaugency2023-ClemenceBrach_AP_6247-1024x683.jpg 1024w, https:\/\/concours-danseclassique-arabesque.com\/wp-content\/uploads\/2023\/07\/Beaugency2023-ClemenceBrach_AP_6247-300x200.jpg 300w, https:\/\/concours-danseclassique-arabesque.com\/wp-content\/uploads\/2023\/07\/Beaugency2023-ClemenceBrach_AP_6247-768x512.jpg 768w, https:\/\/concours-danseclassique-arabesque.com\/wp-content\/uploads\/2023\/07\/Beaugency2023-ClemenceBrach_AP_6247-1536x1024.jpg 1536w, https:\/\/concours-danseclassique-arabesque.com\/wp-content\/uploads\/2023\/07\/Beaugency2023-ClemenceBrach_AP_6247-2048x1365.jpg 2048w\" sizes=\"(max-width: 706px) 89vw, (max-width: 767px) 82vw, 740px\" \/><figcaption>Laur\u00e9ats du Concours 2023<\/figcaption><\/figure>\n\n\n\n<figure class=\"wp-block-image size-large\"><img loading=\"lazy\" decoding=\"async\" width=\"1024\" height=\"737\" src=\"http:\/\/concours-danseclassique-arabesque.com\/wp-content\/uploads\/2023\/07\/Prix-Liane-Dayde-1024x737.jpg\" alt=\"Miteki UBOTA, Prix Lyane DAYDE du concours Arabesque Beaugency 2023\" class=\"wp-image-610\" srcset=\"https:\/\/concours-danseclassique-arabesque.com\/wp-content\/uploads\/2023\/07\/Prix-Liane-Dayde-1024x737.jpg 1024w, https:\/\/concours-danseclassique-arabesque.com\/wp-content\/uploads\/2023\/07\/Prix-Liane-Dayde-300x216.jpg 300w, https:\/\/concours-danseclassique-arabesque.com\/wp-content\/uploads\/2023\/07\/Prix-Liane-Dayde-768x553.jpg 768w, https:\/\/concours-danseclassique-arabesque.com\/wp-content\/uploads\/2023\/07\/Prix-Liane-Dayde-1536x1106.jpg 1536w, https:\/\/concours-danseclassique-arabesque.com\/wp-content\/uploads\/2023\/07\/Prix-Liane-Dayde.jpg 2038w\" sizes=\"(max-width: 706px) 89vw, (max-width: 767px) 82vw, 740px\" \/><figcaption>Miteki UBOTA, Prix Lyane DAYDE du concours Arabesque Beaugency 2023<\/figcaption><\/figure>\n\n\n\n<figure class=\"wp-block-image size-large\"><img loading=\"lazy\" decoding=\"async\" width=\"1024\" height=\"718\" src=\"http:\/\/concours-danseclassique-arabesque.com\/wp-content\/uploads\/2023\/07\/Coup-de-coeur-preprofessionnel-1024x718.jpg\" alt=\"Arthur FERRANDON, Coup de coeur Pr\u00e9-pro du jury du concours Arabesque de Beaugency 2023\" class=\"wp-image-608\" srcset=\"https:\/\/concours-danseclassique-arabesque.com\/wp-content\/uploads\/2023\/07\/Coup-de-coeur-preprofessionnel-1024x718.jpg 1024w, https:\/\/concours-danseclassique-arabesque.com\/wp-content\/uploads\/2023\/07\/Coup-de-coeur-preprofessionnel-300x210.jpg 300w, https:\/\/concours-danseclassique-arabesque.com\/wp-content\/uploads\/2023\/07\/Coup-de-coeur-preprofessionnel-768x538.jpg 768w, https:\/\/concours-danseclassique-arabesque.com\/wp-content\/uploads\/2023\/07\/Coup-de-coeur-preprofessionnel-1536x1077.jpg 1536w, https:\/\/concours-danseclassique-arabesque.com\/wp-content\/uploads\/2023\/07\/Coup-de-coeur-preprofessionnel.jpg 2031w\" sizes=\"(max-width: 706px) 89vw, (max-width: 767px) 82vw, 740px\" \/><figcaption>Arthur FERRANDON, Coup de coeur Pr\u00e9-pro du jury du concours Arabesque de Beaugency 2023<\/figcaption><\/figure>\n\n\n\n<figure class=\"wp-block-image size-large\"><img loading=\"lazy\" decoding=\"async\" width=\"1024\" height=\"725\" src=\"http:\/\/concours-danseclassique-arabesque.com\/wp-content\/uploads\/2023\/07\/Prix-Arabesque-1024x725.jpg\" alt=\"Nina SAUNIER-BAULAC, Prix Arabesque du jury du concours Arabesque Beaugency 2023\" class=\"wp-image-609\" srcset=\"https:\/\/concours-danseclassique-arabesque.com\/wp-content\/uploads\/2023\/07\/Prix-Arabesque-1024x725.jpg 1024w, https:\/\/concours-danseclassique-arabesque.com\/wp-content\/uploads\/2023\/07\/Prix-Arabesque-300x212.jpg 300w, https:\/\/concours-danseclassique-arabesque.com\/wp-content\/uploads\/2023\/07\/Prix-Arabesque-768x544.jpg 768w, https:\/\/concours-danseclassique-arabesque.com\/wp-content\/uploads\/2023\/07\/Prix-Arabesque-1536x1087.jpg 1536w, https:\/\/concours-danseclassique-arabesque.com\/wp-content\/uploads\/2023\/07\/Prix-Arabesque-2048x1450.jpg 2048w\" sizes=\"(max-width: 706px) 89vw, (max-width: 767px) 82vw, 740px\" \/><figcaption>Nina SAUNIER-BAULAC, Prix Arabesque du jury du concours Arabesque Beaugency 2023<\/figcaption><\/figure>\n\n\n\n<figure class=\"wp-block-image size-large\"><img loading=\"lazy\" decoding=\"async\" width=\"1024\" height=\"726\" src=\"http:\/\/concours-danseclassique-arabesque.com\/wp-content\/uploads\/2023\/07\/Coup-de-coeur-du-Jury-amateur-1024x726.jpg\" alt=\"Un monde si \u00e9trange, coup de coeur Amateur du jury du concours Arabesque Beaugency 2023\" class=\"wp-image-599\" srcset=\"https:\/\/concours-danseclassique-arabesque.com\/wp-content\/uploads\/2023\/07\/Coup-de-coeur-du-Jury-amateur-1024x726.jpg 1024w, https:\/\/concours-danseclassique-arabesque.com\/wp-content\/uploads\/2023\/07\/Coup-de-coeur-du-Jury-amateur-300x213.jpg 300w, https:\/\/concours-danseclassique-arabesque.com\/wp-content\/uploads\/2023\/07\/Coup-de-coeur-du-Jury-amateur-768x544.jpg 768w, https:\/\/concours-danseclassique-arabesque.com\/wp-content\/uploads\/2023\/07\/Coup-de-coeur-du-Jury-amateur-1536x1089.jpg 1536w\" sizes=\"(max-width: 706px) 89vw, (max-width: 767px) 82vw, 740px\" \/><figcaption>Un monde si \u00e9trange, coup de coeur Amateur du jury du concours Arabesque Beaugency 2023<\/figcaption><\/figure>\n\n\n\n<div class=\"wp-block-buttons is-content-justification-center is-layout-flex wp-block-buttons-is-layout-flex\">\n<div class=\"wp-block-button\"><a class=\"wp-block-button__link\" href=\"http:\/\/concours-danseclassique-arabesque.com\/telechargement\/r\u00e9sultats 2023.pdf\" target=\"_blank\" rel=\"noreferrer noopener\">T\u00e9l\u00e9charger les r\u00e9sultats du concours<\/a><\/div>\n<\/div>\n\n\n\n<p><\/p>\n\n\n\n<figure class=\"wp-block-image size-large\"><img loading=\"lazy\" decoding=\"async\" width=\"1024\" height=\"337\" src=\"http:\/\/concours-danseclassique-arabesque.com\/wp-content\/uploads\/2023\/07\/Photo-concours-Arabesque-1-1024x337.jpg\" alt=\"\" class=\"wp-image-627\" srcset=\"https:\/\/concours-danseclassique-arabesque.com\/wp-content\/uploads\/2023\/07\/Photo-concours-Arabesque-1-1024x337.jpg 1024w, https:\/\/concours-danseclassique-arabesque.com\/wp-content\/uploads\/2023\/07\/Photo-concours-Arabesque-1-300x99.jpg 300w, https:\/\/concours-danseclassique-arabesque.com\/wp-content\/uploads\/2023\/07\/Photo-concours-Arabesque-1-768x253.jpg 768w, https:\/\/concours-danseclassique-arabesque.com\/wp-content\/uploads\/2023\/07\/Photo-concours-Arabesque-1-1536x505.jpg 1536w, https:\/\/concours-danseclassique-arabesque.com\/wp-content\/uploads\/2023\/07\/Photo-concours-Arabesque-1-2048x674.jpg 2048w\" sizes=\"(max-width: 706px) 89vw, (max-width: 767px) 82vw, 740px\" \/><figcaption>Tableau final Concours 2023<\/figcaption><\/figure>\n","protected":false},"excerpt":{"rendered":"","protected":false},"author":1,"featured_media":0,"parent":0,"menu_order":0,"comment_status":"closed","ping_status":"closed","template":"","meta":{"footnotes":""},"yoast_head":"<!-- This site is optimized with the Yoast SEO plugin v17.5 - https:\/\/yoast.com\/wordpress\/plugins\/seo\/ -->\n<title>R\u00e9sultats du concours 2023 - 6 \u00e8me CONCOURS DE DANSE CLASSIQUE ARABESQUE 2026<\/title>\n<meta name=\"description\" content=\"CONCOURS NATIONAL DANSE CLASSIQUE ARABESQUE\" \/>\n<meta name=\"robots\" content=\"index, follow, max-snippet:-1, max-image-preview:large, max-video-preview:-1\" \/>\n<link rel=\"canonical\" href=\"http:\/\/concours-danseclassique-arabesque.com\/index.php\/resultats-du-concours-2023\/\" \/>\n<meta property=\"og:locale\" content=\"fr_FR\" \/>\n<meta property=\"og:type\" content=\"article\" \/>\n<meta property=\"og:title\" content=\"R\u00e9sultats du concours 2023 - 6 \u00e8me CONCOURS DE DANSE CLASSIQUE ARABESQUE 2026\" \/>\n<meta property=\"og:description\" content=\"CONCOURS NATIONAL DANSE CLASSIQUE ARABESQUE\" \/>\n<meta property=\"og:url\" content=\"http:\/\/concours-danseclassique-arabesque.com\/index.php\/resultats-du-concours-2023\/\" \/>\n<meta property=\"og:site_name\" content=\"6 \u00e8me CONCOURS DE DANSE CLASSIQUE ARABESQUE 2026\" \/>\n<meta property=\"article:modified_time\" content=\"2023-09-26T18:59:44+00:00\" \/>\n<meta property=\"og:image\" content=\"http:\/\/concours-danseclassique-arabesque.com\/wp-content\/uploads\/2023\/07\/Beaugency2023-ClemenceBrach_AP_6247-1024x683.jpg\" \/>\n<meta name=\"twitter:card\" content=\"summary_large_image\" \/>\n<meta name=\"twitter:site\" content=\"@CBeaugency\" \/>\n<script type=\"application\/ld+json\" class=\"yoast-schema-graph\">{\"@context\":\"https:\/\/schema.org\",\"@graph\":[{\"@type\":\"Organization\",\"@id\":\"https:\/\/concours-danseclassique-arabesque.com\/#organization\",\"name\":\"Les amis de la Danse\",\"url\":\"https:\/\/concours-danseclassique-arabesque.com\/\",\"sameAs\":[\"https:\/\/twitter.com\/CBeaugency\"],\"logo\":{\"@type\":\"ImageObject\",\"@id\":\"https:\/\/concours-danseclassique-arabesque.com\/#logo\",\"inLanguage\":\"fr-FR\",\"url\":\"http:\/\/concours-danseclassique-arabesque.com\/wp-content\/uploads\/2020\/12\/Logo_Concours_Danse_Classique_Arabesque.jpg\",\"contentUrl\":\"http:\/\/concours-danseclassique-arabesque.com\/wp-content\/uploads\/2020\/12\/Logo_Concours_Danse_Classique_Arabesque.jpg\",\"width\":162,\"height\":162,\"caption\":\"Les amis de la Danse\"},\"image\":{\"@id\":\"https:\/\/concours-danseclassique-arabesque.com\/#logo\"}},{\"@type\":\"WebSite\",\"@id\":\"https:\/\/concours-danseclassique-arabesque.com\/#website\",\"url\":\"https:\/\/concours-danseclassique-arabesque.com\/\",\"name\":\"CONCOURS DE DANSE CLASSIQUE ARABESQUE\",\"description\":\"Le prochain concours aura lieu le dimanche 1er mars 2026 , au complexe Alain Jarsaillon \\u00e0 BEAUGENCY (Loiret).                                                                          Ateliers, \\u00e9valuation pr\\u00e9professionnelle et prises de plateau le samedi 28 f\\u00e9vrier 2026.\",\"publisher\":{\"@id\":\"https:\/\/concours-danseclassique-arabesque.com\/#organization\"},\"potentialAction\":[{\"@type\":\"SearchAction\",\"target\":{\"@type\":\"EntryPoint\",\"urlTemplate\":\"https:\/\/concours-danseclassique-arabesque.com\/?s={search_term_string}\"},\"query-input\":\"required name=search_term_string\"}],\"inLanguage\":\"fr-FR\"},{\"@type\":\"ImageObject\",\"@id\":\"http:\/\/concours-danseclassique-arabesque.com\/index.php\/resultats-du-concours-2023\/#primaryimage\",\"inLanguage\":\"fr-FR\",\"url\":\"http:\/\/concours-danseclassique-arabesque.com\/wp-content\/uploads\/2023\/07\/Beaugency2023-ClemenceBrach_AP_6247-1024x683.jpg\",\"contentUrl\":\"http:\/\/concours-danseclassique-arabesque.com\/wp-content\/uploads\/2023\/07\/Beaugency2023-ClemenceBrach_AP_6247-1024x683.jpg\"},{\"@type\":\"WebPage\",\"@id\":\"http:\/\/concours-danseclassique-arabesque.com\/index.php\/resultats-du-concours-2023\/#webpage\",\"url\":\"http:\/\/concours-danseclassique-arabesque.com\/index.php\/resultats-du-concours-2023\/\",\"name\":\"R\\u00e9sultats du concours 2023 - 6 \\u00e8me CONCOURS DE DANSE CLASSIQUE ARABESQUE 2026\",\"isPartOf\":{\"@id\":\"https:\/\/concours-danseclassique-arabesque.com\/#website\"},\"primaryImageOfPage\":{\"@id\":\"http:\/\/concours-danseclassique-arabesque.com\/index.php\/resultats-du-concours-2023\/#primaryimage\"},\"datePublished\":\"2023-05-07T16:21:25+00:00\",\"dateModified\":\"2023-09-26T18:59:44+00:00\",\"description\":\"CONCOURS NATIONAL DANSE CLASSIQUE ARABESQUE\",\"breadcrumb\":{\"@id\":\"http:\/\/concours-danseclassique-arabesque.com\/index.php\/resultats-du-concours-2023\/#breadcrumb\"},\"inLanguage\":\"fr-FR\",\"potentialAction\":[{\"@type\":\"ReadAction\",\"target\":[\"http:\/\/concours-danseclassique-arabesque.com\/index.php\/resultats-du-concours-2023\/\"]}]},{\"@type\":\"BreadcrumbList\",\"@id\":\"http:\/\/concours-danseclassique-arabesque.com\/index.php\/resultats-du-concours-2023\/#breadcrumb\",\"itemListElement\":[{\"@type\":\"ListItem\",\"position\":1,\"name\":\"Accueil\",\"item\":\"https:\/\/concours-danseclassique-arabesque.com\/\"},{\"@type\":\"ListItem\",\"position\":2,\"name\":\"R\\u00e9sultats du concours 2023\"}]}]}<\/script>\n<!-- \/ Yoast SEO plugin. -->","yoast_head_json":{"title":"R\u00e9sultats du concours 2023 - 6 \u00e8me CONCOURS DE DANSE CLASSIQUE ARABESQUE 2026","description":"CONCOURS NATIONAL DANSE CLASSIQUE ARABESQUE","robots":{"index":"index","follow":"follow","max-snippet":"max-snippet:-1","max-image-preview":"max-image-preview:large","max-video-preview":"max-video-preview:-1"},"canonical":"http:\/\/concours-danseclassique-arabesque.com\/index.php\/resultats-du-concours-2023\/","og_locale":"fr_FR","og_type":"article","og_title":"R\u00e9sultats du concours 2023 - 6 \u00e8me CONCOURS DE DANSE CLASSIQUE ARABESQUE 2026","og_description":"CONCOURS NATIONAL DANSE CLASSIQUE ARABESQUE","og_url":"http:\/\/concours-danseclassique-arabesque.com\/index.php\/resultats-du-concours-2023\/","og_site_name":"6 \u00e8me CONCOURS DE DANSE CLASSIQUE ARABESQUE 2026","article_modified_time":"2023-09-26T18:59:44+00:00","og_image":[{"url":"http:\/\/concours-danseclassique-arabesque.com\/wp-content\/uploads\/2023\/07\/Beaugency2023-ClemenceBrach_AP_6247-1024x683.jpg"}],"twitter_card":"summary_large_image","twitter_site":"@CBeaugency","schema":{"@context":"https:\/\/schema.org","@graph":[{"@type":"Organization","@id":"https:\/\/concours-danseclassique-arabesque.com\/#organization","name":"Les amis de la Danse","url":"https:\/\/concours-danseclassique-arabesque.com\/","sameAs":["https:\/\/twitter.com\/CBeaugency"],"logo":{"@type":"ImageObject","@id":"https:\/\/concours-danseclassique-arabesque.com\/#logo","inLanguage":"fr-FR","url":"http:\/\/concours-danseclassique-arabesque.com\/wp-content\/uploads\/2020\/12\/Logo_Concours_Danse_Classique_Arabesque.jpg","contentUrl":"http:\/\/concours-danseclassique-arabesque.com\/wp-content\/uploads\/2020\/12\/Logo_Concours_Danse_Classique_Arabesque.jpg","width":162,"height":162,"caption":"Les amis de la Danse"},"image":{"@id":"https:\/\/concours-danseclassique-arabesque.com\/#logo"}},{"@type":"WebSite","@id":"https:\/\/concours-danseclassique-arabesque.com\/#website","url":"https:\/\/concours-danseclassique-arabesque.com\/","name":"CONCOURS DE DANSE CLASSIQUE ARABESQUE","description":"Le prochain concours aura lieu le dimanche 1er mars 2026 , au complexe Alain Jarsaillon \u00e0 BEAUGENCY (Loiret).                                                                          Ateliers, \u00e9valuation pr\u00e9professionnelle et prises de plateau le samedi 28 f\u00e9vrier 2026.","publisher":{"@id":"https:\/\/concours-danseclassique-arabesque.com\/#organization"},"potentialAction":[{"@type":"SearchAction","target":{"@type":"EntryPoint","urlTemplate":"https:\/\/concours-danseclassique-arabesque.com\/?s={search_term_string}"},"query-input":"required name=search_term_string"}],"inLanguage":"fr-FR"},{"@type":"ImageObject","@id":"http:\/\/concours-danseclassique-arabesque.com\/index.php\/resultats-du-concours-2023\/#primaryimage","inLanguage":"fr-FR","url":"http:\/\/concours-danseclassique-arabesque.com\/wp-content\/uploads\/2023\/07\/Beaugency2023-ClemenceBrach_AP_6247-1024x683.jpg","contentUrl":"http:\/\/concours-danseclassique-arabesque.com\/wp-content\/uploads\/2023\/07\/Beaugency2023-ClemenceBrach_AP_6247-1024x683.jpg"},{"@type":"WebPage","@id":"http:\/\/concours-danseclassique-arabesque.com\/index.php\/resultats-du-concours-2023\/#webpage","url":"http:\/\/concours-danseclassique-arabesque.com\/index.php\/resultats-du-concours-2023\/","name":"R\u00e9sultats du concours 2023 - 6 \u00e8me CONCOURS DE DANSE CLASSIQUE ARABESQUE 2026","isPartOf":{"@id":"https:\/\/concours-danseclassique-arabesque.com\/#website"},"primaryImageOfPage":{"@id":"http:\/\/concours-danseclassique-arabesque.com\/index.php\/resultats-du-concours-2023\/#primaryimage"},"datePublished":"2023-05-07T16:21:25+00:00","dateModified":"2023-09-26T18:59:44+00:00","description":"CONCOURS NATIONAL DANSE CLASSIQUE ARABESQUE","breadcrumb":{"@id":"http:\/\/concours-danseclassique-arabesque.com\/index.php\/resultats-du-concours-2023\/#breadcrumb"},"inLanguage":"fr-FR","potentialAction":[{"@type":"ReadAction","target":["http:\/\/concours-danseclassique-arabesque.com\/index.php\/resultats-du-concours-2023\/"]}]},{"@type":"BreadcrumbList","@id":"http:\/\/concours-danseclassique-arabesque.com\/index.php\/resultats-du-concours-2023\/#breadcrumb","itemListElement":[{"@type":"ListItem","position":1,"name":"Accueil","item":"https:\/\/concours-danseclassique-arabesque.com\/"},{"@type":"ListItem","position":2,"name":"R\u00e9sultats du concours 2023"}]}]}},"_links":{"self":[{"href":"https:\/\/concours-danseclassique-arabesque.com\/index.php\/wp-json\/wp\/v2\/pages\/591"}],"collection":[{"href":"https:\/\/concours-danseclassique-arabesque.com\/index.php\/wp-json\/wp\/v2\/pages"}],"about":[{"href":"https:\/\/concours-danseclassique-arabesque.com\/index.php\/wp-json\/wp\/v2\/types\/page"}],"author":[{"embeddable":true,"href":"https:\/\/concours-danseclassique-arabesque.com\/index.php\/wp-json\/wp\/v2\/users\/1"}],"replies":[{"embeddable":true,"href":"https:\/\/concours-danseclassique-arabesque.com\/index.php\/wp-json\/wp\/v2\/comments?post=591"}],"version-history":[{"count":8,"href":"https:\/\/concours-danseclassique-arabesque.com\/index.php\/wp-json\/wp\/v2\/pages\/591\/revisions"}],"predecessor-version":[{"id":665,"href":"https:\/\/concours-danseclassique-arabesque.com\/index.php\/wp-json\/wp\/v2\/pages\/591\/revisions\/665"}],"wp:attachment":[{"href":"https:\/\/concours-danseclassique-arabesque.com\/index.php\/wp-json\/wp\/v2\/media?parent=591"}],"curies":[{"name":"wp","href":"https:\/\/api.w.org\/{rel}","templated":true}]}}