{"id":379,"date":"2022-02-28T22:13:45","date_gmt":"2022-02-28T21:13:45","guid":{"rendered":"https:\/\/concours-danseclassique-arabesque.com\/?page_id=379"},"modified":"2024-02-01T15:52:47","modified_gmt":"2024-02-01T14:52:47","slug":"hotels","status":"publish","type":"page","link":"https:\/\/concours-danseclassique-arabesque.com\/index.php\/hotels\/","title":{"rendered":"H\u00e9bergements"},"content":{"rendered":"\n<div class=\"wp-block-columns is-layout-flex wp-container-core-columns-is-layout-1 wp-block-columns-is-layout-flex\">\n<div class=\"wp-block-column is-layout-flow wp-block-column-is-layout-flow\"><\/div>\n\n\n\n<div class=\"wp-block-column is-layout-flow wp-block-column-is-layout-flow\"><\/div>\n<\/div>\n\n\n\n<div class=\"wp-block-columns is-layout-flex wp-container-core-columns-is-layout-2 wp-block-columns-is-layout-flex\">\n<div class=\"wp-block-column is-layout-flow wp-block-column-is-layout-flow\">\n<p class=\"has-medium-font-size\">                                                                 <strong>H\u00e9bergements \u00e0 Beaugency&nbsp;:<\/strong>   <\/p>\n\n\n\n<p class=\"has-vivid-red-color has-text-color\">                                                                                                       <strong>   LES HOTELS<\/strong> en centre-ville<\/p>\n\n\n\n<p style=\"line-height:0.8\">                                                                                                   H\u00f4tel de la Sologne                             <\/p>\n\n\n\n<p style=\"line-height:0.8\">                                                                                                    L&rsquo;Ecu de Bretagne                                         <\/p>\n\n\n\n<p style=\"line-height:0.8\">                                                                                                       Le Beaugency<\/p>\n\n\n\n<p class=\"has-vivid-red-color has-text-color\">                                                                                                                <strong>AIRBNB<\/strong><\/p>\n\n\n\n<p class=\"has-vivid-red-color has-text-color\">                                                                                                   De nombreux <strong>GITES<\/strong><\/p>\n\n\n\n<p class=\"has-medium-font-size\">                                                     <strong>H\u00e9bergements \u00e0 proximit\u00e9 de Beaugency&nbsp;:<\/strong>   <\/p>\n\n\n\n<p class=\"has-vivid-red-color has-text-color\">                                                                                                           <strong> LES HOTELS<\/strong><\/p>\n\n\n\n<p style=\"line-height:2.2\">La ferme des Trois Maillets, <em>Avaray, \u00e0 10 minutes en voiture du concours<\/em><br>Le Louis XI, <em>Meung-sur-Loire, \u00e0 10 minutes en voiture du concours<\/em><br>Ibis Budget, Meung-sur-Loire, <em>\u00e0 15 minutes en voiture du concours<\/em><br>Best Western Union, La porte des ch\u00e2teaux, Appart h\u00f4tel et h\u00f4tel \u00e0 <em>Meung-sur-Loire \u00e0 10 minutes en voiture du concours<\/em><\/p>\n\n\n\n<p class=\"has-vivid-red-color has-text-color\">                                                                                                                  <strong>AIRBNB<\/strong><\/p>\n\n\n\n<p class=\"has-vivid-red-color has-text-color\">                                                                                                     <strong>De nombreux GITES <\/strong><\/p>\n\n\n\n<p>               <\/p>\n\n\n\n<p>                                             <\/p>\n\n\n\n<p><\/p>\n<\/div>\n<\/div>\n\n\n\n<div class=\"wp-block-columns is-layout-flex wp-container-core-columns-is-layout-3 wp-block-columns-is-layout-flex\">\n<div class=\"wp-block-column is-layout-flow wp-block-column-is-layout-flow\"><\/div>\n\n\n\n<div class=\"wp-block-column is-layout-flow wp-block-column-is-layout-flow\"><\/div>\n<\/div>\n","protected":false},"excerpt":{"rendered":"<p>H\u00e9bergements \u00e0 Beaugency&nbsp;: LES HOTELS en centre-ville H\u00f4tel de la Sologne L&rsquo;Ecu de Bretagne Le Beaugency AIRBNB De nombreux GITES H\u00e9bergements \u00e0 proximit\u00e9 de Beaugency&nbsp;: LES HOTELS La ferme des Trois Maillets, Avaray, \u00e0 10 minutes en voiture du concoursLe Louis XI, Meung-sur-Loire, \u00e0 10 minutes en voiture du concoursIbis Budget, Meung-sur-Loire, \u00e0 15 minutes &hellip; <\/p>\n<p class=\"link-more\"><a href=\"https:\/\/concours-danseclassique-arabesque.com\/index.php\/hotels\/\" class=\"more-link\">Continuer la lecture<span class=\"screen-reader-text\"> de &laquo;&nbsp;H\u00e9bergements&nbsp;&raquo;<\/span><\/a><\/p>\n","protected":false},"author":1,"featured_media":0,"parent":0,"menu_order":0,"comment_status":"closed","ping_status":"closed","template":"","meta":{"footnotes":""},"yoast_head":"<!-- This site is optimized with the Yoast SEO plugin v17.5 - https:\/\/yoast.com\/wordpress\/plugins\/seo\/ -->\n<title>H\u00e9bergements - 6 \u00e8me CONCOURS DE DANSE CLASSIQUE ARABESQUE 2026<\/title>\n<meta name=\"description\" content=\"CONCOURS NATIONAL DANSE CLASSIQUE ARABESQUE\" \/>\n<meta name=\"robots\" content=\"index, follow, max-snippet:-1, max-image-preview:large, max-video-preview:-1\" \/>\n<link rel=\"canonical\" href=\"http:\/\/concours-danseclassique-arabesque.com\/index.php\/hotels\/\" \/>\n<meta property=\"og:locale\" content=\"fr_FR\" \/>\n<meta property=\"og:type\" content=\"article\" \/>\n<meta property=\"og:title\" content=\"H\u00e9bergements - 6 \u00e8me CONCOURS DE DANSE CLASSIQUE ARABESQUE 2026\" \/>\n<meta property=\"og:description\" content=\"CONCOURS NATIONAL DANSE CLASSIQUE ARABESQUE\" \/>\n<meta property=\"og:url\" content=\"http:\/\/concours-danseclassique-arabesque.com\/index.php\/hotels\/\" \/>\n<meta property=\"og:site_name\" content=\"6 \u00e8me CONCOURS DE DANSE CLASSIQUE ARABESQUE 2026\" \/>\n<meta property=\"article:modified_time\" content=\"2024-02-01T14:52:47+00:00\" \/>\n<meta name=\"twitter:card\" content=\"summary_large_image\" \/>\n<meta name=\"twitter:site\" content=\"@CBeaugency\" \/>\n<script type=\"application\/ld+json\" class=\"yoast-schema-graph\">{\"@context\":\"https:\/\/schema.org\",\"@graph\":[{\"@type\":\"Organization\",\"@id\":\"https:\/\/concours-danseclassique-arabesque.com\/#organization\",\"name\":\"Les amis de la Danse\",\"url\":\"https:\/\/concours-danseclassique-arabesque.com\/\",\"sameAs\":[\"https:\/\/twitter.com\/CBeaugency\"],\"logo\":{\"@type\":\"ImageObject\",\"@id\":\"https:\/\/concours-danseclassique-arabesque.com\/#logo\",\"inLanguage\":\"fr-FR\",\"url\":\"http:\/\/concours-danseclassique-arabesque.com\/wp-content\/uploads\/2020\/12\/Logo_Concours_Danse_Classique_Arabesque.jpg\",\"contentUrl\":\"http:\/\/concours-danseclassique-arabesque.com\/wp-content\/uploads\/2020\/12\/Logo_Concours_Danse_Classique_Arabesque.jpg\",\"width\":162,\"height\":162,\"caption\":\"Les amis de la Danse\"},\"image\":{\"@id\":\"https:\/\/concours-danseclassique-arabesque.com\/#logo\"}},{\"@type\":\"WebSite\",\"@id\":\"https:\/\/concours-danseclassique-arabesque.com\/#website\",\"url\":\"https:\/\/concours-danseclassique-arabesque.com\/\",\"name\":\"CONCOURS DE DANSE CLASSIQUE ARABESQUE\",\"description\":\"Le prochain concours aura lieu le dimanche 1er mars 2026 , au complexe Alain Jarsaillon \\u00e0 BEAUGENCY (Loiret).                                                                          Ateliers, \\u00e9valuation pr\\u00e9professionnelle et prises de plateau le samedi 28 f\\u00e9vrier 2026.\",\"publisher\":{\"@id\":\"https:\/\/concours-danseclassique-arabesque.com\/#organization\"},\"potentialAction\":[{\"@type\":\"SearchAction\",\"target\":{\"@type\":\"EntryPoint\",\"urlTemplate\":\"https:\/\/concours-danseclassique-arabesque.com\/?s={search_term_string}\"},\"query-input\":\"required name=search_term_string\"}],\"inLanguage\":\"fr-FR\"},{\"@type\":\"WebPage\",\"@id\":\"http:\/\/concours-danseclassique-arabesque.com\/index.php\/hotels\/#webpage\",\"url\":\"http:\/\/concours-danseclassique-arabesque.com\/index.php\/hotels\/\",\"name\":\"H\\u00e9bergements - 6 \\u00e8me CONCOURS DE DANSE CLASSIQUE ARABESQUE 2026\",\"isPartOf\":{\"@id\":\"https:\/\/concours-danseclassique-arabesque.com\/#website\"},\"datePublished\":\"2022-02-28T21:13:45+00:00\",\"dateModified\":\"2024-02-01T14:52:47+00:00\",\"description\":\"CONCOURS NATIONAL DANSE CLASSIQUE ARABESQUE\",\"breadcrumb\":{\"@id\":\"http:\/\/concours-danseclassique-arabesque.com\/index.php\/hotels\/#breadcrumb\"},\"inLanguage\":\"fr-FR\",\"potentialAction\":[{\"@type\":\"ReadAction\",\"target\":[\"http:\/\/concours-danseclassique-arabesque.com\/index.php\/hotels\/\"]}]},{\"@type\":\"BreadcrumbList\",\"@id\":\"http:\/\/concours-danseclassique-arabesque.com\/index.php\/hotels\/#breadcrumb\",\"itemListElement\":[{\"@type\":\"ListItem\",\"position\":1,\"name\":\"Accueil\",\"item\":\"https:\/\/concours-danseclassique-arabesque.com\/\"},{\"@type\":\"ListItem\",\"position\":2,\"name\":\"H\\u00e9bergements\"}]}]}<\/script>\n<!-- \/ Yoast SEO plugin. -->","yoast_head_json":{"title":"H\u00e9bergements - 6 \u00e8me CONCOURS DE DANSE CLASSIQUE ARABESQUE 2026","description":"CONCOURS NATIONAL DANSE CLASSIQUE ARABESQUE","robots":{"index":"index","follow":"follow","max-snippet":"max-snippet:-1","max-image-preview":"max-image-preview:large","max-video-preview":"max-video-preview:-1"},"canonical":"http:\/\/concours-danseclassique-arabesque.com\/index.php\/hotels\/","og_locale":"fr_FR","og_type":"article","og_title":"H\u00e9bergements - 6 \u00e8me CONCOURS DE DANSE CLASSIQUE ARABESQUE 2026","og_description":"CONCOURS NATIONAL DANSE CLASSIQUE ARABESQUE","og_url":"http:\/\/concours-danseclassique-arabesque.com\/index.php\/hotels\/","og_site_name":"6 \u00e8me CONCOURS DE DANSE CLASSIQUE ARABESQUE 2026","article_modified_time":"2024-02-01T14:52:47+00:00","twitter_card":"summary_large_image","twitter_site":"@CBeaugency","schema":{"@context":"https:\/\/schema.org","@graph":[{"@type":"Organization","@id":"https:\/\/concours-danseclassique-arabesque.com\/#organization","name":"Les amis de la Danse","url":"https:\/\/concours-danseclassique-arabesque.com\/","sameAs":["https:\/\/twitter.com\/CBeaugency"],"logo":{"@type":"ImageObject","@id":"https:\/\/concours-danseclassique-arabesque.com\/#logo","inLanguage":"fr-FR","url":"http:\/\/concours-danseclassique-arabesque.com\/wp-content\/uploads\/2020\/12\/Logo_Concours_Danse_Classique_Arabesque.jpg","contentUrl":"http:\/\/concours-danseclassique-arabesque.com\/wp-content\/uploads\/2020\/12\/Logo_Concours_Danse_Classique_Arabesque.jpg","width":162,"height":162,"caption":"Les amis de la Danse"},"image":{"@id":"https:\/\/concours-danseclassique-arabesque.com\/#logo"}},{"@type":"WebSite","@id":"https:\/\/concours-danseclassique-arabesque.com\/#website","url":"https:\/\/concours-danseclassique-arabesque.com\/","name":"CONCOURS DE DANSE CLASSIQUE ARABESQUE","description":"Le prochain concours aura lieu le dimanche 1er mars 2026 , au complexe Alain Jarsaillon \u00e0 BEAUGENCY (Loiret).                                                                          Ateliers, \u00e9valuation pr\u00e9professionnelle et prises de plateau le samedi 28 f\u00e9vrier 2026.","publisher":{"@id":"https:\/\/concours-danseclassique-arabesque.com\/#organization"},"potentialAction":[{"@type":"SearchAction","target":{"@type":"EntryPoint","urlTemplate":"https:\/\/concours-danseclassique-arabesque.com\/?s={search_term_string}"},"query-input":"required name=search_term_string"}],"inLanguage":"fr-FR"},{"@type":"WebPage","@id":"http:\/\/concours-danseclassique-arabesque.com\/index.php\/hotels\/#webpage","url":"http:\/\/concours-danseclassique-arabesque.com\/index.php\/hotels\/","name":"H\u00e9bergements - 6 \u00e8me CONCOURS DE DANSE CLASSIQUE ARABESQUE 2026","isPartOf":{"@id":"https:\/\/concours-danseclassique-arabesque.com\/#website"},"datePublished":"2022-02-28T21:13:45+00:00","dateModified":"2024-02-01T14:52:47+00:00","description":"CONCOURS NATIONAL DANSE CLASSIQUE ARABESQUE","breadcrumb":{"@id":"http:\/\/concours-danseclassique-arabesque.com\/index.php\/hotels\/#breadcrumb"},"inLanguage":"fr-FR","potentialAction":[{"@type":"ReadAction","target":["http:\/\/concours-danseclassique-arabesque.com\/index.php\/hotels\/"]}]},{"@type":"BreadcrumbList","@id":"http:\/\/concours-danseclassique-arabesque.com\/index.php\/hotels\/#breadcrumb","itemListElement":[{"@type":"ListItem","position":1,"name":"Accueil","item":"https:\/\/concours-danseclassique-arabesque.com\/"},{"@type":"ListItem","position":2,"name":"H\u00e9bergements"}]}]}},"_links":{"self":[{"href":"https:\/\/concours-danseclassique-arabesque.com\/index.php\/wp-json\/wp\/v2\/pages\/379"}],"collection":[{"href":"https:\/\/concours-danseclassique-arabesque.com\/index.php\/wp-json\/wp\/v2\/pages"}],"about":[{"href":"https:\/\/concours-danseclassique-arabesque.com\/index.php\/wp-json\/wp\/v2\/types\/page"}],"author":[{"embeddable":true,"href":"https:\/\/concours-danseclassique-arabesque.com\/index.php\/wp-json\/wp\/v2\/users\/1"}],"replies":[{"embeddable":true,"href":"https:\/\/concours-danseclassique-arabesque.com\/index.php\/wp-json\/wp\/v2\/comments?post=379"}],"version-history":[{"count":15,"href":"https:\/\/concours-danseclassique-arabesque.com\/index.php\/wp-json\/wp\/v2\/pages\/379\/revisions"}],"predecessor-version":[{"id":727,"href":"https:\/\/concours-danseclassique-arabesque.com\/index.php\/wp-json\/wp\/v2\/pages\/379\/revisions\/727"}],"wp:attachment":[{"href":"https:\/\/concours-danseclassique-arabesque.com\/index.php\/wp-json\/wp\/v2\/media?parent=379"}],"curies":[{"name":"wp","href":"https:\/\/api.w.org\/{rel}","templated":true}]}}