{"id":157,"date":"2020-12-13T23:52:18","date_gmt":"2020-12-13T22:52:18","guid":{"rendered":"http:\/\/concours-danseclassique-arabesque.com\/?page_id=157"},"modified":"2025-03-13T16:24:54","modified_gmt":"2025-03-13T15:24:54","slug":"presentation","status":"publish","type":"page","link":"https:\/\/concours-danseclassique-arabesque.com\/index.php\/presentation\/","title":{"rendered":"Pr\u00e9sentation"},"content":{"rendered":"\n<p class=\"has-drop-cap has-normal-font-size\"><strong>A<\/strong>nne Duchemin, danseuse professionnelle, soliste des Grands Ballets Classique de France, j\u2019enseigne la danse classique depuis plus de 40 ans.<\/p>\n\n\n\n<p class=\"has-normal-font-size\">En tant qu\u2019enseignante, j\u2019ai pr\u00e9sent\u00e9 mes \u00e9l\u00e8ves \u00e0 de nombreux concours. Le concours ARABESQUE est la synth\u00e8se de tous les concours auxquels j\u2019ai particip\u00e9. Chacun y trouvera sa place, amateur comme futur professionnel.<\/p>\n\n\n\n<p class=\"has-normal-font-size\">Une nouvelle cat\u00e9gorie, celle des plus de 25 ans&nbsp;! <\/p>\n\n\n\n<p class=\"has-normal-font-size\">Fabrice BOURGEOIS, directeur de Jury a dit un jour : \u00ab\u00a0les amateurs sont le public des futurs professionnels et ont leur place, \u00e0 part enti\u00e8re, dans\u00a0 un concours et dans le MONDE de la DANSE\u00a0\u00bb<\/p>\n\n\n\n<figure class=\"wp-block-table\"><table><tbody><tr><td>Liane DAYD\u00c9, \u00e9toile de l\u2019Op\u00e9ra de PARIS, danseuse internationale, a voyag\u00e9 \u00e0 travers le monde pour transmettre son art mais aussi pour s\u2019enrichir des diff\u00e9rentes techniques des pays qu\u2019elle traversait. Elle a \u00e9t\u00e9 la premi\u00e8re danseuse \u00e0 danser en URSS et en CHINE.<br><br>C\u2019est de cet enrichissement que j\u2019ai b\u00e9n\u00e9fici\u00e9 en tant qu\u2019\u00e9l\u00e8ve puis en tant que danseuse.<\/td><td><img decoding=\"async\" src=\"http:\/\/concours-danseclassique-arabesque.com\/wp-content\/uploads\/2020\/12\/LyaneDayde_Arrondi.png\" alt=\"Lyane DAYDE \u00e0 l'Honneur du concours national de danse classique Arabesque de Beaugency le 25\/04\/2021\" style=\"width: 700px;\"><\/td><\/tr><\/tbody><\/table><\/figure>\n\n\n\n<p>Liane DAYD\u00c9 est pour cette raison \u00e0 l\u2019Honneur du Concours de danse classique Arabesque de Beaugency.<\/p>\n\n\n\n<p class=\"has-text-align-right\">VIVE LA DANSE,<\/p>\n\n\n\n<p class=\"has-text-align-right\"><strong>Anne DUCHEMIN<\/strong><\/p>\n","protected":false},"excerpt":{"rendered":"<p>Anne Duchemin, danseuse professionnelle, soliste des Grands Ballets Classique de France, j\u2019enseigne la danse classique depuis plus de 40 ans. En tant qu\u2019enseignante, j\u2019ai pr\u00e9sent\u00e9 mes \u00e9l\u00e8ves \u00e0 de nombreux concours. Le concours ARABESQUE est la synth\u00e8se de tous les concours auxquels j\u2019ai particip\u00e9. Chacun y trouvera sa place, amateur comme futur professionnel. Une nouvelle &hellip; <\/p>\n<p class=\"link-more\"><a href=\"https:\/\/concours-danseclassique-arabesque.com\/index.php\/presentation\/\" class=\"more-link\">Continuer la lecture<span class=\"screen-reader-text\"> de &laquo;&nbsp;Pr\u00e9sentation&nbsp;&raquo;<\/span><\/a><\/p>\n","protected":false},"author":1,"featured_media":0,"parent":0,"menu_order":1,"comment_status":"closed","ping_status":"closed","template":"","meta":{"footnotes":""},"yoast_head":"<!-- This site is optimized with the Yoast SEO plugin v17.5 - https:\/\/yoast.com\/wordpress\/plugins\/seo\/ -->\n<title>Pr\u00e9sentation - 6 \u00e8me CONCOURS DE DANSE CLASSIQUE ARABESQUE 2026<\/title>\n<meta name=\"description\" content=\"CONCOURS NATIONAL DANSE CLASSIQUE ARABESQUE\" \/>\n<meta name=\"robots\" content=\"index, follow, max-snippet:-1, max-image-preview:large, max-video-preview:-1\" \/>\n<link rel=\"canonical\" href=\"https:\/\/concours-danseclassique-arabesque.com\/index.php\/presentation\/\" \/>\n<meta property=\"og:locale\" content=\"fr_FR\" \/>\n<meta property=\"og:type\" content=\"article\" \/>\n<meta property=\"og:title\" content=\"Pr\u00e9sentation - 6 \u00e8me CONCOURS DE DANSE CLASSIQUE ARABESQUE 2026\" \/>\n<meta property=\"og:description\" content=\"CONCOURS NATIONAL DANSE CLASSIQUE ARABESQUE\" \/>\n<meta property=\"og:url\" content=\"https:\/\/concours-danseclassique-arabesque.com\/index.php\/presentation\/\" \/>\n<meta property=\"og:site_name\" content=\"6 \u00e8me CONCOURS DE DANSE CLASSIQUE ARABESQUE 2026\" \/>\n<meta property=\"article:modified_time\" content=\"2025-03-13T15:24:54+00:00\" \/>\n<meta property=\"og:image\" content=\"http:\/\/concours-danseclassique-arabesque.com\/wp-content\/uploads\/2020\/12\/LyaneDayde_Arrondi.png\" \/>\n<meta name=\"twitter:card\" content=\"summary_large_image\" \/>\n<meta name=\"twitter:site\" content=\"@CBeaugency\" \/>\n<meta name=\"twitter:label1\" content=\"Dur\u00e9e de lecture est.\" \/>\n\t<meta name=\"twitter:data1\" content=\"1 minute\" \/>\n<script type=\"application\/ld+json\" class=\"yoast-schema-graph\">{\"@context\":\"https:\/\/schema.org\",\"@graph\":[{\"@type\":\"Organization\",\"@id\":\"https:\/\/concours-danseclassique-arabesque.com\/#organization\",\"name\":\"Les amis de la Danse\",\"url\":\"https:\/\/concours-danseclassique-arabesque.com\/\",\"sameAs\":[\"https:\/\/twitter.com\/CBeaugency\"],\"logo\":{\"@type\":\"ImageObject\",\"@id\":\"https:\/\/concours-danseclassique-arabesque.com\/#logo\",\"inLanguage\":\"fr-FR\",\"url\":\"http:\/\/concours-danseclassique-arabesque.com\/wp-content\/uploads\/2020\/12\/Logo_Concours_Danse_Classique_Arabesque.jpg\",\"contentUrl\":\"http:\/\/concours-danseclassique-arabesque.com\/wp-content\/uploads\/2020\/12\/Logo_Concours_Danse_Classique_Arabesque.jpg\",\"width\":162,\"height\":162,\"caption\":\"Les amis de la Danse\"},\"image\":{\"@id\":\"https:\/\/concours-danseclassique-arabesque.com\/#logo\"}},{\"@type\":\"WebSite\",\"@id\":\"https:\/\/concours-danseclassique-arabesque.com\/#website\",\"url\":\"https:\/\/concours-danseclassique-arabesque.com\/\",\"name\":\"CONCOURS DE DANSE CLASSIQUE ARABESQUE\",\"description\":\"Le prochain concours aura lieu le dimanche 1er mars 2026 , au complexe Alain Jarsaillon \\u00e0 BEAUGENCY (Loiret).                                                                          Ateliers, \\u00e9valuation pr\\u00e9professionnelle et prises de plateau le samedi 28 f\\u00e9vrier 2026.\",\"publisher\":{\"@id\":\"https:\/\/concours-danseclassique-arabesque.com\/#organization\"},\"potentialAction\":[{\"@type\":\"SearchAction\",\"target\":{\"@type\":\"EntryPoint\",\"urlTemplate\":\"https:\/\/concours-danseclassique-arabesque.com\/?s={search_term_string}\"},\"query-input\":\"required name=search_term_string\"}],\"inLanguage\":\"fr-FR\"},{\"@type\":\"ImageObject\",\"@id\":\"https:\/\/concours-danseclassique-arabesque.com\/index.php\/presentation\/#primaryimage\",\"inLanguage\":\"fr-FR\",\"url\":\"http:\/\/concours-danseclassique-arabesque.com\/wp-content\/uploads\/2020\/12\/LyaneDayde_Arrondi.png\",\"contentUrl\":\"http:\/\/concours-danseclassique-arabesque.com\/wp-content\/uploads\/2020\/12\/LyaneDayde_Arrondi.png\"},{\"@type\":\"WebPage\",\"@id\":\"https:\/\/concours-danseclassique-arabesque.com\/index.php\/presentation\/#webpage\",\"url\":\"https:\/\/concours-danseclassique-arabesque.com\/index.php\/presentation\/\",\"name\":\"Pr\\u00e9sentation - 6 \\u00e8me CONCOURS DE DANSE CLASSIQUE ARABESQUE 2026\",\"isPartOf\":{\"@id\":\"https:\/\/concours-danseclassique-arabesque.com\/#website\"},\"primaryImageOfPage\":{\"@id\":\"https:\/\/concours-danseclassique-arabesque.com\/index.php\/presentation\/#primaryimage\"},\"datePublished\":\"2020-12-13T22:52:18+00:00\",\"dateModified\":\"2025-03-13T15:24:54+00:00\",\"description\":\"CONCOURS NATIONAL DANSE CLASSIQUE ARABESQUE\",\"breadcrumb\":{\"@id\":\"https:\/\/concours-danseclassique-arabesque.com\/index.php\/presentation\/#breadcrumb\"},\"inLanguage\":\"fr-FR\",\"potentialAction\":[{\"@type\":\"ReadAction\",\"target\":[\"https:\/\/concours-danseclassique-arabesque.com\/index.php\/presentation\/\"]}]},{\"@type\":\"BreadcrumbList\",\"@id\":\"https:\/\/concours-danseclassique-arabesque.com\/index.php\/presentation\/#breadcrumb\",\"itemListElement\":[{\"@type\":\"ListItem\",\"position\":1,\"name\":\"Accueil\",\"item\":\"https:\/\/concours-danseclassique-arabesque.com\/\"},{\"@type\":\"ListItem\",\"position\":2,\"name\":\"Pr\\u00e9sentation\"}]}]}<\/script>\n<!-- \/ Yoast SEO plugin. -->","yoast_head_json":{"title":"Pr\u00e9sentation - 6 \u00e8me CONCOURS DE DANSE CLASSIQUE ARABESQUE 2026","description":"CONCOURS NATIONAL DANSE CLASSIQUE ARABESQUE","robots":{"index":"index","follow":"follow","max-snippet":"max-snippet:-1","max-image-preview":"max-image-preview:large","max-video-preview":"max-video-preview:-1"},"canonical":"https:\/\/concours-danseclassique-arabesque.com\/index.php\/presentation\/","og_locale":"fr_FR","og_type":"article","og_title":"Pr\u00e9sentation - 6 \u00e8me CONCOURS DE DANSE CLASSIQUE ARABESQUE 2026","og_description":"CONCOURS NATIONAL DANSE CLASSIQUE ARABESQUE","og_url":"https:\/\/concours-danseclassique-arabesque.com\/index.php\/presentation\/","og_site_name":"6 \u00e8me CONCOURS DE DANSE CLASSIQUE ARABESQUE 2026","article_modified_time":"2025-03-13T15:24:54+00:00","og_image":[{"url":"http:\/\/concours-danseclassique-arabesque.com\/wp-content\/uploads\/2020\/12\/LyaneDayde_Arrondi.png"}],"twitter_card":"summary_large_image","twitter_site":"@CBeaugency","twitter_misc":{"Dur\u00e9e de lecture est.":"1 minute"},"schema":{"@context":"https:\/\/schema.org","@graph":[{"@type":"Organization","@id":"https:\/\/concours-danseclassique-arabesque.com\/#organization","name":"Les amis de la Danse","url":"https:\/\/concours-danseclassique-arabesque.com\/","sameAs":["https:\/\/twitter.com\/CBeaugency"],"logo":{"@type":"ImageObject","@id":"https:\/\/concours-danseclassique-arabesque.com\/#logo","inLanguage":"fr-FR","url":"http:\/\/concours-danseclassique-arabesque.com\/wp-content\/uploads\/2020\/12\/Logo_Concours_Danse_Classique_Arabesque.jpg","contentUrl":"http:\/\/concours-danseclassique-arabesque.com\/wp-content\/uploads\/2020\/12\/Logo_Concours_Danse_Classique_Arabesque.jpg","width":162,"height":162,"caption":"Les amis de la Danse"},"image":{"@id":"https:\/\/concours-danseclassique-arabesque.com\/#logo"}},{"@type":"WebSite","@id":"https:\/\/concours-danseclassique-arabesque.com\/#website","url":"https:\/\/concours-danseclassique-arabesque.com\/","name":"CONCOURS DE DANSE CLASSIQUE ARABESQUE","description":"Le prochain concours aura lieu le dimanche 1er mars 2026 , au complexe Alain Jarsaillon \u00e0 BEAUGENCY (Loiret).                                                                          Ateliers, \u00e9valuation pr\u00e9professionnelle et prises de plateau le samedi 28 f\u00e9vrier 2026.","publisher":{"@id":"https:\/\/concours-danseclassique-arabesque.com\/#organization"},"potentialAction":[{"@type":"SearchAction","target":{"@type":"EntryPoint","urlTemplate":"https:\/\/concours-danseclassique-arabesque.com\/?s={search_term_string}"},"query-input":"required name=search_term_string"}],"inLanguage":"fr-FR"},{"@type":"ImageObject","@id":"https:\/\/concours-danseclassique-arabesque.com\/index.php\/presentation\/#primaryimage","inLanguage":"fr-FR","url":"http:\/\/concours-danseclassique-arabesque.com\/wp-content\/uploads\/2020\/12\/LyaneDayde_Arrondi.png","contentUrl":"http:\/\/concours-danseclassique-arabesque.com\/wp-content\/uploads\/2020\/12\/LyaneDayde_Arrondi.png"},{"@type":"WebPage","@id":"https:\/\/concours-danseclassique-arabesque.com\/index.php\/presentation\/#webpage","url":"https:\/\/concours-danseclassique-arabesque.com\/index.php\/presentation\/","name":"Pr\u00e9sentation - 6 \u00e8me CONCOURS DE DANSE CLASSIQUE ARABESQUE 2026","isPartOf":{"@id":"https:\/\/concours-danseclassique-arabesque.com\/#website"},"primaryImageOfPage":{"@id":"https:\/\/concours-danseclassique-arabesque.com\/index.php\/presentation\/#primaryimage"},"datePublished":"2020-12-13T22:52:18+00:00","dateModified":"2025-03-13T15:24:54+00:00","description":"CONCOURS NATIONAL DANSE CLASSIQUE ARABESQUE","breadcrumb":{"@id":"https:\/\/concours-danseclassique-arabesque.com\/index.php\/presentation\/#breadcrumb"},"inLanguage":"fr-FR","potentialAction":[{"@type":"ReadAction","target":["https:\/\/concours-danseclassique-arabesque.com\/index.php\/presentation\/"]}]},{"@type":"BreadcrumbList","@id":"https:\/\/concours-danseclassique-arabesque.com\/index.php\/presentation\/#breadcrumb","itemListElement":[{"@type":"ListItem","position":1,"name":"Accueil","item":"https:\/\/concours-danseclassique-arabesque.com\/"},{"@type":"ListItem","position":2,"name":"Pr\u00e9sentation"}]}]}},"_links":{"self":[{"href":"https:\/\/concours-danseclassique-arabesque.com\/index.php\/wp-json\/wp\/v2\/pages\/157"}],"collection":[{"href":"https:\/\/concours-danseclassique-arabesque.com\/index.php\/wp-json\/wp\/v2\/pages"}],"about":[{"href":"https:\/\/concours-danseclassique-arabesque.com\/index.php\/wp-json\/wp\/v2\/types\/page"}],"author":[{"embeddable":true,"href":"https:\/\/concours-danseclassique-arabesque.com\/index.php\/wp-json\/wp\/v2\/users\/1"}],"replies":[{"embeddable":true,"href":"https:\/\/concours-danseclassique-arabesque.com\/index.php\/wp-json\/wp\/v2\/comments?post=157"}],"version-history":[{"count":10,"href":"https:\/\/concours-danseclassique-arabesque.com\/index.php\/wp-json\/wp\/v2\/pages\/157\/revisions"}],"predecessor-version":[{"id":670,"href":"https:\/\/concours-danseclassique-arabesque.com\/index.php\/wp-json\/wp\/v2\/pages\/157\/revisions\/670"}],"wp:attachment":[{"href":"https:\/\/concours-danseclassique-arabesque.com\/index.php\/wp-json\/wp\/v2\/media?parent=157"}],"curies":[{"name":"wp","href":"https:\/\/api.w.org\/{rel}","templated":true}]}}