{"id":1314,"date":"2026-03-02T21:28:23","date_gmt":"2026-03-02T20:28:23","guid":{"rendered":"https:\/\/concours-danseclassique-arabesque.com\/?page_id=1314"},"modified":"2026-03-02T21:32:31","modified_gmt":"2026-03-02T20:32:31","slug":"resultats-du-concours-2026","status":"publish","type":"page","link":"https:\/\/concours-danseclassique-arabesque.com\/index.php\/resultats-du-concours-2026\/","title":{"rendered":"R\u00e9sultats du concours 2026"},"content":{"rendered":"\n<div class=\"wp-block-group\"><div class=\"wp-block-group__inner-container is-layout-constrained wp-block-group-is-layout-constrained\">\n<div class=\"wp-block-columns is-layout-flex wp-container-core-columns-is-layout-1 wp-block-columns-is-layout-flex\">\n<div class=\"wp-block-column is-layout-flow wp-block-column-is-layout-flow\" style=\"flex-basis:100%\">\n<div class=\"wp-block-group is-nowrap is-layout-flex wp-container-core-group-is-layout-1 wp-block-group-is-layout-flex\"><\/div>\n<\/div>\n<\/div>\n<\/div><\/div>\n\n\n\n<p>Les Photos arrivent!!!<\/p>\n\n\n\n<div class=\"wp-block-buttons is-layout-flex wp-block-buttons-is-layout-flex\">\n<div class=\"wp-block-button\"><a class=\"wp-block-button__link wp-element-button\" href=\"http:\/\/concours-danseclassique-arabesque.com\/wp-content\/uploads\/2026\/03\/Resultats-Amateur-2026.pdf\">Cat\u00e9gorie Amateur<\/a><\/div>\n<\/div>\n\n\n\n<div class=\"wp-block-buttons is-layout-flex wp-block-buttons-is-layout-flex\">\n<div class=\"wp-block-button\"><a class=\"wp-block-button__link wp-element-button\" href=\"http:\/\/concours-danseclassique-arabesque.com\/wp-content\/uploads\/2026\/03\/Resultats-Amateur-Avance-2026.pdf\">Cat\u00e9gorie Amateur\/Avanc\u00e9<\/a><\/div>\n<\/div>\n\n\n\n<div class=\"wp-block-buttons is-layout-flex wp-block-buttons-is-layout-flex\">\n<div class=\"wp-block-button\"><a class=\"wp-block-button__link wp-element-button\" href=\"http:\/\/concours-danseclassique-arabesque.com\/wp-content\/uploads\/2026\/03\/Resultats-eliminatoires-Prepro.pdf\">Cat\u00e9gorie Pr\u00e9professionnelle &#8211; Eliminatoires<\/a><\/div>\n<\/div>\n\n\n\n<div class=\"wp-block-buttons is-layout-flex wp-block-buttons-is-layout-flex\">\n<div class=\"wp-block-button\"><a class=\"wp-block-button__link wp-element-button\" href=\"http:\/\/concours-danseclassique-arabesque.com\/wp-content\/uploads\/2026\/03\/Resultats-Finale-Prepro.pdf\">Cat\u00e9gorie Pr\u00e9professionnelle &#8211; Finale<\/a><\/div>\n<\/div>\n\n\n\n<div class=\"wp-block-buttons is-layout-flex wp-block-buttons-is-layout-flex\">\n<div class=\"wp-block-button\"><a class=\"wp-block-button__link wp-element-button\" href=\"http:\/\/concours-danseclassique-arabesque.com\/wp-content\/uploads\/2026\/03\/Prix-speciaux.pdf\">Prix sp\u00e9ciaux<\/a><\/div>\n<\/div>\n","protected":false},"excerpt":{"rendered":"<p>Les Photos arrivent!!!<\/p>\n","protected":false},"author":1,"featured_media":0,"parent":0,"menu_order":0,"comment_status":"open","ping_status":"closed","template":"","meta":{"footnotes":""},"yoast_head":"<!-- This site is optimized with the Yoast SEO plugin v17.5 - https:\/\/yoast.com\/wordpress\/plugins\/seo\/ -->\n<title>R\u00e9sultats du concours 2026 - 6 \u00e8me CONCOURS DE DANSE CLASSIQUE ARABESQUE 2026<\/title>\n<meta name=\"description\" content=\"CONCOURS NATIONAL DANSE CLASSIQUE ARABESQUE\" \/>\n<meta name=\"robots\" content=\"index, follow, max-snippet:-1, max-image-preview:large, max-video-preview:-1\" \/>\n<link rel=\"canonical\" href=\"https:\/\/concours-danseclassique-arabesque.com\/index.php\/resultats-du-concours-2026\/\" \/>\n<meta property=\"og:locale\" content=\"fr_FR\" \/>\n<meta property=\"og:type\" content=\"article\" \/>\n<meta property=\"og:title\" content=\"R\u00e9sultats du concours 2026 - 6 \u00e8me CONCOURS DE DANSE CLASSIQUE ARABESQUE 2026\" \/>\n<meta property=\"og:description\" content=\"CONCOURS NATIONAL DANSE CLASSIQUE ARABESQUE\" \/>\n<meta property=\"og:url\" content=\"https:\/\/concours-danseclassique-arabesque.com\/index.php\/resultats-du-concours-2026\/\" \/>\n<meta property=\"og:site_name\" content=\"6 \u00e8me CONCOURS DE DANSE CLASSIQUE ARABESQUE 2026\" \/>\n<meta property=\"article:modified_time\" content=\"2026-03-02T20:32:31+00:00\" \/>\n<meta name=\"twitter:card\" content=\"summary_large_image\" \/>\n<meta name=\"twitter:site\" content=\"@CBeaugency\" \/>\n<script type=\"application\/ld+json\" class=\"yoast-schema-graph\">{\"@context\":\"https:\/\/schema.org\",\"@graph\":[{\"@type\":\"Organization\",\"@id\":\"https:\/\/concours-danseclassique-arabesque.com\/#organization\",\"name\":\"Les amis de la Danse\",\"url\":\"https:\/\/concours-danseclassique-arabesque.com\/\",\"sameAs\":[\"https:\/\/twitter.com\/CBeaugency\"],\"logo\":{\"@type\":\"ImageObject\",\"@id\":\"https:\/\/concours-danseclassique-arabesque.com\/#logo\",\"inLanguage\":\"fr-FR\",\"url\":\"http:\/\/concours-danseclassique-arabesque.com\/wp-content\/uploads\/2020\/12\/Logo_Concours_Danse_Classique_Arabesque.jpg\",\"contentUrl\":\"http:\/\/concours-danseclassique-arabesque.com\/wp-content\/uploads\/2020\/12\/Logo_Concours_Danse_Classique_Arabesque.jpg\",\"width\":162,\"height\":162,\"caption\":\"Les amis de la Danse\"},\"image\":{\"@id\":\"https:\/\/concours-danseclassique-arabesque.com\/#logo\"}},{\"@type\":\"WebSite\",\"@id\":\"https:\/\/concours-danseclassique-arabesque.com\/#website\",\"url\":\"https:\/\/concours-danseclassique-arabesque.com\/\",\"name\":\"CONCOURS DE DANSE CLASSIQUE ARABESQUE\",\"description\":\"Le prochain concours aura lieu le dimanche 1er mars 2026 , au complexe Alain Jarsaillon \\u00e0 BEAUGENCY (Loiret).                                                                          Ateliers, \\u00e9valuation pr\\u00e9professionnelle et prises de plateau le samedi 28 f\\u00e9vrier 2026.\",\"publisher\":{\"@id\":\"https:\/\/concours-danseclassique-arabesque.com\/#organization\"},\"potentialAction\":[{\"@type\":\"SearchAction\",\"target\":{\"@type\":\"EntryPoint\",\"urlTemplate\":\"https:\/\/concours-danseclassique-arabesque.com\/?s={search_term_string}\"},\"query-input\":\"required name=search_term_string\"}],\"inLanguage\":\"fr-FR\"},{\"@type\":\"WebPage\",\"@id\":\"https:\/\/concours-danseclassique-arabesque.com\/index.php\/resultats-du-concours-2026\/#webpage\",\"url\":\"https:\/\/concours-danseclassique-arabesque.com\/index.php\/resultats-du-concours-2026\/\",\"name\":\"R\\u00e9sultats du concours 2026 - 6 \\u00e8me CONCOURS DE DANSE CLASSIQUE ARABESQUE 2026\",\"isPartOf\":{\"@id\":\"https:\/\/concours-danseclassique-arabesque.com\/#website\"},\"datePublished\":\"2026-03-02T20:28:23+00:00\",\"dateModified\":\"2026-03-02T20:32:31+00:00\",\"description\":\"CONCOURS NATIONAL DANSE CLASSIQUE ARABESQUE\",\"breadcrumb\":{\"@id\":\"https:\/\/concours-danseclassique-arabesque.com\/index.php\/resultats-du-concours-2026\/#breadcrumb\"},\"inLanguage\":\"fr-FR\",\"potentialAction\":[{\"@type\":\"ReadAction\",\"target\":[\"https:\/\/concours-danseclassique-arabesque.com\/index.php\/resultats-du-concours-2026\/\"]}]},{\"@type\":\"BreadcrumbList\",\"@id\":\"https:\/\/concours-danseclassique-arabesque.com\/index.php\/resultats-du-concours-2026\/#breadcrumb\",\"itemListElement\":[{\"@type\":\"ListItem\",\"position\":1,\"name\":\"Accueil\",\"item\":\"https:\/\/concours-danseclassique-arabesque.com\/\"},{\"@type\":\"ListItem\",\"position\":2,\"name\":\"R\\u00e9sultats du concours 2026\"}]}]}<\/script>\n<!-- \/ Yoast SEO plugin. -->","yoast_head_json":{"title":"R\u00e9sultats du concours 2026 - 6 \u00e8me CONCOURS DE DANSE CLASSIQUE ARABESQUE 2026","description":"CONCOURS NATIONAL DANSE CLASSIQUE ARABESQUE","robots":{"index":"index","follow":"follow","max-snippet":"max-snippet:-1","max-image-preview":"max-image-preview:large","max-video-preview":"max-video-preview:-1"},"canonical":"https:\/\/concours-danseclassique-arabesque.com\/index.php\/resultats-du-concours-2026\/","og_locale":"fr_FR","og_type":"article","og_title":"R\u00e9sultats du concours 2026 - 6 \u00e8me CONCOURS DE DANSE CLASSIQUE ARABESQUE 2026","og_description":"CONCOURS NATIONAL DANSE CLASSIQUE ARABESQUE","og_url":"https:\/\/concours-danseclassique-arabesque.com\/index.php\/resultats-du-concours-2026\/","og_site_name":"6 \u00e8me CONCOURS DE DANSE CLASSIQUE ARABESQUE 2026","article_modified_time":"2026-03-02T20:32:31+00:00","twitter_card":"summary_large_image","twitter_site":"@CBeaugency","schema":{"@context":"https:\/\/schema.org","@graph":[{"@type":"Organization","@id":"https:\/\/concours-danseclassique-arabesque.com\/#organization","name":"Les amis de la Danse","url":"https:\/\/concours-danseclassique-arabesque.com\/","sameAs":["https:\/\/twitter.com\/CBeaugency"],"logo":{"@type":"ImageObject","@id":"https:\/\/concours-danseclassique-arabesque.com\/#logo","inLanguage":"fr-FR","url":"http:\/\/concours-danseclassique-arabesque.com\/wp-content\/uploads\/2020\/12\/Logo_Concours_Danse_Classique_Arabesque.jpg","contentUrl":"http:\/\/concours-danseclassique-arabesque.com\/wp-content\/uploads\/2020\/12\/Logo_Concours_Danse_Classique_Arabesque.jpg","width":162,"height":162,"caption":"Les amis de la Danse"},"image":{"@id":"https:\/\/concours-danseclassique-arabesque.com\/#logo"}},{"@type":"WebSite","@id":"https:\/\/concours-danseclassique-arabesque.com\/#website","url":"https:\/\/concours-danseclassique-arabesque.com\/","name":"CONCOURS DE DANSE CLASSIQUE ARABESQUE","description":"Le prochain concours aura lieu le dimanche 1er mars 2026 , au complexe Alain Jarsaillon \u00e0 BEAUGENCY (Loiret).                                                                          Ateliers, \u00e9valuation pr\u00e9professionnelle et prises de plateau le samedi 28 f\u00e9vrier 2026.","publisher":{"@id":"https:\/\/concours-danseclassique-arabesque.com\/#organization"},"potentialAction":[{"@type":"SearchAction","target":{"@type":"EntryPoint","urlTemplate":"https:\/\/concours-danseclassique-arabesque.com\/?s={search_term_string}"},"query-input":"required name=search_term_string"}],"inLanguage":"fr-FR"},{"@type":"WebPage","@id":"https:\/\/concours-danseclassique-arabesque.com\/index.php\/resultats-du-concours-2026\/#webpage","url":"https:\/\/concours-danseclassique-arabesque.com\/index.php\/resultats-du-concours-2026\/","name":"R\u00e9sultats du concours 2026 - 6 \u00e8me CONCOURS DE DANSE CLASSIQUE ARABESQUE 2026","isPartOf":{"@id":"https:\/\/concours-danseclassique-arabesque.com\/#website"},"datePublished":"2026-03-02T20:28:23+00:00","dateModified":"2026-03-02T20:32:31+00:00","description":"CONCOURS NATIONAL DANSE CLASSIQUE ARABESQUE","breadcrumb":{"@id":"https:\/\/concours-danseclassique-arabesque.com\/index.php\/resultats-du-concours-2026\/#breadcrumb"},"inLanguage":"fr-FR","potentialAction":[{"@type":"ReadAction","target":["https:\/\/concours-danseclassique-arabesque.com\/index.php\/resultats-du-concours-2026\/"]}]},{"@type":"BreadcrumbList","@id":"https:\/\/concours-danseclassique-arabesque.com\/index.php\/resultats-du-concours-2026\/#breadcrumb","itemListElement":[{"@type":"ListItem","position":1,"name":"Accueil","item":"https:\/\/concours-danseclassique-arabesque.com\/"},{"@type":"ListItem","position":2,"name":"R\u00e9sultats du concours 2026"}]}]}},"_links":{"self":[{"href":"https:\/\/concours-danseclassique-arabesque.com\/index.php\/wp-json\/wp\/v2\/pages\/1314"}],"collection":[{"href":"https:\/\/concours-danseclassique-arabesque.com\/index.php\/wp-json\/wp\/v2\/pages"}],"about":[{"href":"https:\/\/concours-danseclassique-arabesque.com\/index.php\/wp-json\/wp\/v2\/types\/page"}],"author":[{"embeddable":true,"href":"https:\/\/concours-danseclassique-arabesque.com\/index.php\/wp-json\/wp\/v2\/users\/1"}],"replies":[{"embeddable":true,"href":"https:\/\/concours-danseclassique-arabesque.com\/index.php\/wp-json\/wp\/v2\/comments?post=1314"}],"version-history":[{"count":6,"href":"https:\/\/concours-danseclassique-arabesque.com\/index.php\/wp-json\/wp\/v2\/pages\/1314\/revisions"}],"predecessor-version":[{"id":1321,"href":"https:\/\/concours-danseclassique-arabesque.com\/index.php\/wp-json\/wp\/v2\/pages\/1314\/revisions\/1321"}],"wp:attachment":[{"href":"https:\/\/concours-danseclassique-arabesque.com\/index.php\/wp-json\/wp\/v2\/media?parent=1314"}],"curies":[{"name":"wp","href":"https:\/\/api.w.org\/{rel}","templated":true}]}}